{"id":1425,"date":"2024-09-17T09:22:23","date_gmt":"2024-09-17T12:22:23","guid":{"rendered":"http:\/\/cpcconsultora.com\/nueva\/?page_id=1425"},"modified":"2024-09-18T12:49:29","modified_gmt":"2024-09-18T15:49:29","slug":"nosotros","status":"publish","type":"page","link":"http:\/\/cpcconsultora.com\/nueva\/nosotros\/","title":{"rendered":"Nosotros"},"content":{"rendered":"<div class=\"wpb-content-wrapper\"><p>[vc_row css_animation=\u00bb\u00bb row_type=\u00bbrow\u00bb use_row_as_full_screen_section=\u00bbno\u00bb type=\u00bbfull_width\u00bb angled_section=\u00bbno\u00bb text_align=\u00bbleft\u00bb background_image_as_pattern=\u00bbwithout_pattern\u00bb][vc_column][vc_single_image image=\u00bb1518&#8243; img_size=\u00bb1920&#215;1000&#8243; css=\u00bb\u00bb qode_css_animation=\u00bb\u00bb][\/vc_column][\/vc_row][vc_row css_animation=\u00bb\u00bb row_type=\u00bbrow\u00bb use_row_as_full_screen_section=\u00bbno\u00bb type=\u00bbfull_width\u00bb angled_section=\u00bbno\u00bb text_align=\u00bbleft\u00bb background_image_as_pattern=\u00bbwithout_pattern\u00bb][vc_column width=\u00bb1\/6&#8243;][\/vc_column][vc_column width=\u00bb2\/3&#8243;][vc_empty_space][vc_empty_space][vc_empty_space][vc_column_text css=\u00bb\u00bb]<\/p>\n<p style=\"text-align: center;\"><span style=\"font-weight: 400; color: #000000;\">\u00a0\u201cCumplimos 30 a\u00f1os de trabajo, donde asociamos la arquitectura y la gesti\u00f3n urbana desde la mirada ambiental, clave en toda tarea que relacione la sociedad y su territorio como referencia ineludible.<\/span><\/p>\n<p style=\"text-align: center;\"><span style=\"font-weight: 400; color: #000000;\">Sumamos amigos, clientes y socios, buscando siempre adaptarnos a los cambios, adecuando nuestros servicios con innovaci\u00f3n y apertura a las necesidades de quienes nos elijen.<\/span><\/p>\n<p style=\"text-align: center;\"><span style=\"font-weight: 400; color: #000000;\">Hoy CPC MSaA, est\u00e1 constituida por un equipo de profesionales con significativa experiencia tanto en el \u00e1mbito p\u00fablico como privado. Por esta raz\u00f3n, manteni\u00e9ndonos siempre apegados a nuestros principios, nos comprometemos a invertir la energ\u00eda necesaria para mejorar la calidad de nuestros servicios.<\/span><\/p>\n<p style=\"text-align: center;\"><span style=\"font-weight: 400; color: #000000;\">Somos un equipo interdisciplinario, y solo as\u00ed entendemos que deben abordarse las propuestas. Desde esta idea, aspiramos a ofrecer soluciones integrales y superadoras.<\/span><\/p>\n<p style=\"text-align: center;\"><span style=\"font-weight: 400; color: #000000;\">Desde CPC MSaA, en el sudeste bonaerense, te esperamos para sumarte a nuestro team.<\/span><\/p>\n<p style=\"text-align: center;\"><span style=\"font-weight: 400; color: #000000;\">Arquitectos <strong>Martin Saras\u00edbar, Ignacio Saras\u00edbar y Andr\u00e9s Molina Favero.<\/strong>\u201d<\/span><\/p>\n<p style=\"text-align: center;\"><br style=\"font-weight: 400;\" \/><br style=\"font-weight: 400;\" \/><\/p>\n<p>[\/vc_column_text][vc_empty_space][vc_empty_space][vc_empty_space][\/vc_column][vc_column width=\u00bb1\/6&#8243;][\/vc_column][\/vc_row][vc_row css_animation=\u00bb\u00bb row_type=\u00bbrow\u00bb use_row_as_full_screen_section=\u00bbno\u00bb type=\u00bbfull_width\u00bb angled_section=\u00bbno\u00bb text_align=\u00bbleft\u00bb background_image_as_pattern=\u00bbwithout_pattern\u00bb][vc_column][vc_single_image image=\u00bb1457&#8243; img_size=\u00bbfull\u00bb alignment=\u00bbcenter\u00bb css=\u00bb\u00bb qode_css_animation=\u00bb\u00bb][\/vc_column][\/vc_row]<\/p>\n<\/div>","protected":false},"excerpt":{"rendered":"<p>[vc_row css_animation=\u00bb\u00bb row_type=\u00bbrow\u00bb use_row_as_full_screen_section=\u00bbno\u00bb type=\u00bbfull_width\u00bb angled_section=\u00bbno\u00bb text_align=\u00bbleft\u00bb background_image_as_pattern=\u00bbwithout_pattern\u00bb][vc_column][vc_single_image image=\u00bb1518&#8243; img_size=\u00bb1920&#215;1000&#8243; css=\u00bb\u00bb qode_css_animation=\u00bb\u00bb][\/vc_column][\/vc_row][vc_row css_animation=\u00bb\u00bb row_type=\u00bbrow\u00bb use_row_as_full_screen_section=\u00bbno\u00bb type=\u00bbfull_width\u00bb angled_section=\u00bbno\u00bb text_align=\u00bbleft\u00bb background_image_as_pattern=\u00bbwithout_pattern\u00bb][vc_column width=\u00bb1\/6&#8243;][\/vc_column][vc_column width=\u00bb2\/3&#8243;][vc_empty_space][vc_empty_space][vc_empty_space][vc_column_text css=\u00bb\u00bb] \u00a0\u201cCumplimos 30 a\u00f1os de trabajo, donde asociamos la arquitectura y la gesti\u00f3n urbana desde la mirada ambiental, clave en toda tarea que relacione&#8230;<\/p>\n","protected":false},"author":2,"featured_media":0,"parent":0,"menu_order":0,"comment_status":"closed","ping_status":"closed","template":"full_width.php","meta":{"footnotes":""},"class_list":["post-1425","page","type-page","status-publish","hentry"],"_links":{"self":[{"href":"http:\/\/cpcconsultora.com\/nueva\/wp-json\/wp\/v2\/pages\/1425","targetHints":{"allow":["GET"]}}],"collection":[{"href":"http:\/\/cpcconsultora.com\/nueva\/wp-json\/wp\/v2\/pages"}],"about":[{"href":"http:\/\/cpcconsultora.com\/nueva\/wp-json\/wp\/v2\/types\/page"}],"author":[{"embeddable":true,"href":"http:\/\/cpcconsultora.com\/nueva\/wp-json\/wp\/v2\/users\/2"}],"replies":[{"embeddable":true,"href":"http:\/\/cpcconsultora.com\/nueva\/wp-json\/wp\/v2\/comments?post=1425"}],"version-history":[{"count":10,"href":"http:\/\/cpcconsultora.com\/nueva\/wp-json\/wp\/v2\/pages\/1425\/revisions"}],"predecessor-version":[{"id":1519,"href":"http:\/\/cpcconsultora.com\/nueva\/wp-json\/wp\/v2\/pages\/1425\/revisions\/1519"}],"wp:attachment":[{"href":"http:\/\/cpcconsultora.com\/nueva\/wp-json\/wp\/v2\/media?parent=1425"}],"curies":[{"name":"wp","href":"https:\/\/api.w.org\/{rel}","templated":true}]}}