{"id":1133,"date":"2013-10-31T11:24:24","date_gmt":"2013-10-31T14:24:24","guid":{"rendered":"http:\/\/cpcconsultora.com\/nueva\/?page_id=1133"},"modified":"2014-09-08T10:27:46","modified_gmt":"2014-09-08T13:27:46","slug":"rse","status":"publish","type":"page","link":"http:\/\/cpcconsultora.com\/nueva\/rse\/","title":{"rendered":"Responsabilidad Social Empresaria"},"content":{"rendered":"<p>[toggle title=\u00bbParticipaci\u00f3n en Audiencias P\u00fablicas del Estado\u00bb]<\/p>\n<p style=\"text-align: justify;\">En el marco de nuestra pol\u00edtica RSE, decidimos participar y presentamos en las diferentes Audiencias P\u00fablicas propuestas por el estado en materia de desarrollo urbano y gesti\u00f3n ambiental.<\/p>\n<p style=\"text-align: justify;\">1-Audiencia p\u00fablica Consorcio de Gesti\u00f3n Puerto Quequ\u00e9n, 28\/10\/13:<\/p>\n<p style=\"text-align: justify;\"><a  itemprop=\"url\" href=\"\" target=\"_self\"  class=\"qbutton  m default\" style=\"color: blue; \"><\/a><\/p>\n<p style=\"text-align: justify;\">2-Audiencia p\u00fablica Municipalidad de Necochea, Parque Miguel Lillo, 6\/09\/14:<\/p>\n<p style=\"text-align: justify;\"><a  itemprop=\"url\" href=\"\" target=\"_self\"  class=\"qbutton  m default\" style=\"color: blue; \"><\/a><\/p>\n<p style=\"text-align: justify;\"><span style=\"line-height: 1.5em;\">[\/toggle]<\/span><\/p>\n","protected":false},"excerpt":{"rendered":"<p>[toggle title=\u00bbParticipaci\u00f3n en Audiencias P\u00fablicas del Estado\u00bb] En el marco de nuestra pol\u00edtica RSE, decidimos participar y presentamos en las diferentes Audiencias P\u00fablicas propuestas por el estado en materia de desarrollo urbano y gesti\u00f3n ambiental. 1-Audiencia p\u00fablica Consorcio de Gesti\u00f3n Puerto Quequ\u00e9n, 28\/10\/13: 2-Audiencia p\u00fablica&#8230;<\/p>\n","protected":false},"author":2,"featured_media":0,"parent":0,"menu_order":0,"comment_status":"closed","ping_status":"closed","template":"","meta":{"footnotes":""},"class_list":["post-1133","page","type-page","status-publish","hentry"],"_links":{"self":[{"href":"http:\/\/cpcconsultora.com\/nueva\/wp-json\/wp\/v2\/pages\/1133","targetHints":{"allow":["GET"]}}],"collection":[{"href":"http:\/\/cpcconsultora.com\/nueva\/wp-json\/wp\/v2\/pages"}],"about":[{"href":"http:\/\/cpcconsultora.com\/nueva\/wp-json\/wp\/v2\/types\/page"}],"author":[{"embeddable":true,"href":"http:\/\/cpcconsultora.com\/nueva\/wp-json\/wp\/v2\/users\/2"}],"replies":[{"embeddable":true,"href":"http:\/\/cpcconsultora.com\/nueva\/wp-json\/wp\/v2\/comments?post=1133"}],"version-history":[{"count":25,"href":"http:\/\/cpcconsultora.com\/nueva\/wp-json\/wp\/v2\/pages\/1133\/revisions"}],"predecessor-version":[{"id":1260,"href":"http:\/\/cpcconsultora.com\/nueva\/wp-json\/wp\/v2\/pages\/1133\/revisions\/1260"}],"wp:attachment":[{"href":"http:\/\/cpcconsultora.com\/nueva\/wp-json\/wp\/v2\/media?parent=1133"}],"curies":[{"name":"wp","href":"https:\/\/api.w.org\/{rel}","templated":true}]}}